{"id":167,"date":"2022-05-15T00:07:53","date_gmt":"2022-05-14T22:07:53","guid":{"rendered":"https:\/\/mynymy.bedesign.cz\/?page_id=167"},"modified":"2023-04-13T00:10:37","modified_gmt":"2023-04-12T22:10:37","slug":"o-nas","status":"publish","type":"page","link":"https:\/\/mynymy.bedesign.cz\/en\/o-nas\/","title":{"rendered":"ateli\u00e9r"},"content":{"rendered":"<div data-elementor-type=\"wp-page\" data-elementor-id=\"167\" class=\"elementor elementor-167\" data-elementor-post-type=\"page\">\n\t\t\t\t\t\t<section class=\"elementor-section elementor-top-section elementor-element elementor-element-2107e9e2 elementor-section-content-middle elementor-section-boxed elementor-section-height-default elementor-section-height-default\" data-id=\"2107e9e2\" data-element_type=\"section\" data-settings=\"{&quot;jet_parallax_layout_list&quot;:[]}\">\n\t\t\t\t\t\t<div class=\"elementor-container elementor-column-gap-no\">\n\t\t\t\t\t<div class=\"elementor-column elementor-col-100 elementor-top-column elementor-element elementor-element-75af41f3\" data-id=\"75af41f3\" data-element_type=\"column\">\n\t\t\t<div class=\"elementor-widget-wrap elementor-element-populated\">\n\t\t\t\t\t\t<div class=\"elementor-element elementor-element-71f38bf elementor-widget elementor-widget-heading\" data-id=\"71f38bf\" data-element_type=\"widget\" data-widget_type=\"heading.default\">\n\t\t\t\t<div class=\"elementor-widget-container\">\n\t\t\t\t\t<h1 class=\"elementor-heading-title elementor-size-default\"><b>Ateli\u00e9r.<\/b><\/h1>\t\t\t\t<\/div>\n\t\t\t\t<\/div>\n\t\t\t\t<div class=\"elementor-element elementor-element-b324501 elementor-widget elementor-widget-text-editor\" data-id=\"b324501\" data-element_type=\"widget\" data-widget_type=\"text-editor.default\">\n\t\t\t\t<div class=\"elementor-widget-container\">\n\t\t\t\t\t\t\t\t\t<p>Atelier MYNYMY architects vznikl na z\u00e1klad\u011b dlouhodob\u00e9 spolupr\u00e1ce t\u0159\u00ed architekt\u016f zab\u00fdvaj\u00edc\u00edch se architekturou, urbanismem a souvisej\u00edc\u00edmi obory.<\/p>\t\t\t\t\t\t\t\t<\/div>\n\t\t\t\t<\/div>\n\t\t\t\t<div class=\"elementor-element elementor-element-e251ed7 elementor-widget elementor-widget-text-editor\" data-id=\"e251ed7\" data-element_type=\"widget\" data-widget_type=\"text-editor.default\">\n\t\t\t\t<div class=\"elementor-widget-container\">\n\t\t\t\t\t\t\t\t\t<p>Na\u0161\u00edm c\u00edlem je vytv\u00e1\u0159et v \u00fazk\u00e9 komunikaci s klientem funk\u010dn\u00ed a modern\u00ed architekturu, kter\u00e1 reaguje na vstupn\u00ed po\u017eadavky klienta a na sv\u00e9 okol\u00ed do kter\u00e9ho je um\u00edst\u011bna.<\/p><p>P\u0159i projektov\u00e1n\u00ed klademe d\u016fraz na podrobn\u00fd rozbor vstupn\u00edch podm\u00ednek a po\u017eadavk\u016f, na jeho\u017e z\u00e1klad\u011b vznik\u00e1 koncept \u2013 nosn\u00e1 my\u0161lenka projektu. Tu potom ve spolupr\u00e1ci s klientem a specialisty dan\u00fdch obor\u016f m\u011bn\u00edme v realitu.<\/p><p>\u00a0<\/p><p>Atelier MYNYMY pro v\u00e1s zajist\u00ed v\u0161echny pot\u0159ebn\u00e9 pr\u00e1ce na projektu od prvotn\u00ed konzultace a\u017e po dokon\u010den\u00ed stavby. Spolupr\u00e1ce s odborn\u00edky ze st\u00e1l\u00e9ho okruhu partnersk\u00fdch firem p\u0159itom umo\u017e\u0148uje efektivn\u00ed pr\u00e1ci na zak\u00e1zk\u00e1ch odli\u0161n\u00fdch typ\u016f a objem\u016f.<\/p>\t\t\t\t\t\t\t\t<\/div>\n\t\t\t\t<\/div>\n\t\t\t\t\t<\/div>\n\t\t<\/div>\n\t\t\t\t\t<\/div>\n\t\t<\/section>\n\t\t\t\t<section class=\"elementor-section elementor-top-section elementor-element elementor-element-2c05e7ff elementor-section-content-middle elementor-section-boxed elementor-section-height-default elementor-section-height-default\" data-id=\"2c05e7ff\" data-element_type=\"section\" data-settings=\"{&quot;jet_parallax_layout_list&quot;:[]}\">\n\t\t\t\t\t\t<div class=\"elementor-container elementor-column-gap-no\">\n\t\t\t\t\t<div class=\"elementor-column elementor-col-100 elementor-top-column elementor-element elementor-element-21de46bc\" data-id=\"21de46bc\" data-element_type=\"column\">\n\t\t\t<div class=\"elementor-widget-wrap elementor-element-populated\">\n\t\t\t\t\t\t<div class=\"elementor-element elementor-element-91cae62 elementor-widget elementor-widget-heading\" data-id=\"91cae62\" data-element_type=\"widget\" data-widget_type=\"heading.default\">\n\t\t\t\t<div class=\"elementor-widget-container\">\n\t\t\t\t\t<h1 class=\"elementor-heading-title elementor-size-default\">spolupracujeme<b>.<\/b><\/h1>\t\t\t\t<\/div>\n\t\t\t\t<\/div>\n\t\t\t\t<div class=\"elementor-element elementor-element-48148c75 elementor-widget elementor-widget-heading\" data-id=\"48148c75\" data-element_type=\"widget\" data-widget_type=\"heading.default\">\n\t\t\t\t<div class=\"elementor-widget-container\">\n\t\t\t\t\t<h5 class=\"elementor-heading-title elementor-size-default\">D\u011bkujeme za Va\u0161i p\u0159\u00edze\u0148.<\/h5>\t\t\t\t<\/div>\n\t\t\t\t<\/div>\n\t\t\t\t<section class=\"elementor-section elementor-inner-section elementor-element elementor-element-74f3a3ab elementor-section-content-middle elementor-section-boxed elementor-section-height-default elementor-section-height-default\" data-id=\"74f3a3ab\" data-element_type=\"section\" data-settings=\"{&quot;jet_parallax_layout_list&quot;:[]}\">\n\t\t\t\t\t\t<div class=\"elementor-container elementor-column-gap-no\">\n\t\t\t\t\t<div class=\"elementor-column elementor-col-33 elementor-inner-column elementor-element elementor-element-e6f1aa8\" data-id=\"e6f1aa8\" data-element_type=\"column\">\n\t\t\t<div class=\"elementor-widget-wrap elementor-element-populated\">\n\t\t\t\t\t\t<div class=\"elementor-element elementor-element-74ed1da elementor-widget elementor-widget-image\" data-id=\"74ed1da\" data-element_type=\"widget\" data-widget_type=\"image.default\">\n\t\t\t\t<div class=\"elementor-widget-container\">\n\t\t\t\t\t\t\t\t\t\t\t\t\t\t\t\t<a href=\"https:\/\/cz.prague-stay.com\/hotely\">\n\t\t\t\t\t\t\t<img decoding=\"async\" width=\"422\" height=\"94\" src=\"https:\/\/mynymy.bedesign.cz\/wp-content\/uploads\/2022\/05\/Sni\u0301mek-obrazovky-2022-05-15-v-0.41.59.png\" class=\"attachment-large size-large wp-image-216\" alt=\"\" srcset=\"https:\/\/mynymy.bedesign.cz\/wp-content\/uploads\/2022\/05\/Sni\u0301mek-obrazovky-2022-05-15-v-0.41.59.png 422w, https:\/\/mynymy.bedesign.cz\/wp-content\/uploads\/2022\/05\/Sni\u0301mek-obrazovky-2022-05-15-v-0.41.59-300x67.png 300w\" sizes=\"(max-width: 422px) 100vw, 422px\" \/>\t\t\t\t\t\t\t\t<\/a>\n\t\t\t\t\t\t\t\t\t\t\t\t\t\t\t<\/div>\n\t\t\t\t<\/div>\n\t\t\t\t\t<\/div>\n\t\t<\/div>\n\t\t\t\t<div class=\"elementor-column elementor-col-33 elementor-inner-column elementor-element elementor-element-3ae67e7a\" data-id=\"3ae67e7a\" data-element_type=\"column\">\n\t\t\t<div class=\"elementor-widget-wrap elementor-element-populated\">\n\t\t\t\t\t\t<div class=\"elementor-element elementor-element-863f9d7 elementor-widget elementor-widget-image\" data-id=\"863f9d7\" data-element_type=\"widget\" data-widget_type=\"image.default\">\n\t\t\t\t<div class=\"elementor-widget-container\">\n\t\t\t\t\t\t\t\t\t\t\t\t\t\t\t\t<a href=\"http:\/\/www.akruzova.cz\/\">\n\t\t\t\t\t\t\t<img decoding=\"async\" width=\"249\" height=\"123\" src=\"https:\/\/mynymy.bedesign.cz\/wp-content\/uploads\/2022\/05\/advokatni-kancelare-ruzova-1.png\" class=\"attachment-large size-large wp-image-232\" alt=\"\" \/>\t\t\t\t\t\t\t\t<\/a>\n\t\t\t\t\t\t\t\t\t\t\t\t\t\t\t<\/div>\n\t\t\t\t<\/div>\n\t\t\t\t\t<\/div>\n\t\t<\/div>\n\t\t\t\t<div class=\"elementor-column elementor-col-33 elementor-inner-column elementor-element elementor-element-e04edae\" data-id=\"e04edae\" data-element_type=\"column\">\n\t\t\t<div class=\"elementor-widget-wrap elementor-element-populated\">\n\t\t\t\t\t\t<div class=\"elementor-element elementor-element-ddc983d elementor-widget elementor-widget-image\" data-id=\"ddc983d\" data-element_type=\"widget\" data-widget_type=\"image.default\">\n\t\t\t\t<div class=\"elementor-widget-container\">\n\t\t\t\t\t\t\t\t\t\t\t\t\t\t\t\t<a href=\"http:\/\/www.feelhome.cz\/\">\n\t\t\t\t\t\t\t<img decoding=\"async\" width=\"294\" height=\"86\" src=\"https:\/\/mynymy.bedesign.cz\/wp-content\/uploads\/2022\/05\/Sni\u0301mek-obrazovky-2022-05-15-v-0.40.55.png\" class=\"attachment-large size-large wp-image-214\" alt=\"\" \/>\t\t\t\t\t\t\t\t<\/a>\n\t\t\t\t\t\t\t\t\t\t\t\t\t\t\t<\/div>\n\t\t\t\t<\/div>\n\t\t\t\t\t<\/div>\n\t\t<\/div>\n\t\t\t\t\t<\/div>\n\t\t<\/section>\n\t\t\t\t\t<\/div>\n\t\t<\/div>\n\t\t\t\t\t<\/div>\n\t\t<\/section>\n\t\t\t\t<\/div>","protected":false},"excerpt":{"rendered":"<p>Ateli\u00e9r. Atelier MYNYMY architects vznikl na z\u00e1klad\u011b dlouhodob\u00e9 spolupr\u00e1ce t\u0159\u00ed architekt\u016f zab\u00fdvaj\u00edc\u00edch se architekturou, urbanismem a souvisej\u00edc\u00edmi obory. Na\u0161\u00edm c\u00edlem je vytv\u00e1\u0159et v \u00fazk\u00e9 komunikaci s klientem funk\u010dn\u00ed a modern\u00ed architekturu, kter\u00e1 reaguje na vstupn\u00ed po\u017eadavky klienta a na sv\u00e9 okol\u00ed do kter\u00e9ho je um\u00edst\u011bna. P\u0159i projektov\u00e1n\u00ed klademe d\u016fraz na podrobn\u00fd rozbor vstupn\u00edch podm\u00ednek a [&hellip;]<\/p>","protected":false},"author":1,"featured_media":0,"parent":0,"menu_order":0,"comment_status":"closed","ping_status":"closed","template":"","meta":{"footnotes":""},"class_list":["post-167","page","type-page","status-publish","hentry"],"_links":{"self":[{"href":"https:\/\/mynymy.bedesign.cz\/en\/wp-json\/wp\/v2\/pages\/167","targetHints":{"allow":["GET"]}}],"collection":[{"href":"https:\/\/mynymy.bedesign.cz\/en\/wp-json\/wp\/v2\/pages"}],"about":[{"href":"https:\/\/mynymy.bedesign.cz\/en\/wp-json\/wp\/v2\/types\/page"}],"author":[{"embeddable":true,"href":"https:\/\/mynymy.bedesign.cz\/en\/wp-json\/wp\/v2\/users\/1"}],"replies":[{"embeddable":true,"href":"https:\/\/mynymy.bedesign.cz\/en\/wp-json\/wp\/v2\/comments?post=167"}],"version-history":[{"count":67,"href":"https:\/\/mynymy.bedesign.cz\/en\/wp-json\/wp\/v2\/pages\/167\/revisions"}],"predecessor-version":[{"id":753,"href":"https:\/\/mynymy.bedesign.cz\/en\/wp-json\/wp\/v2\/pages\/167\/revisions\/753"}],"wp:attachment":[{"href":"https:\/\/mynymy.bedesign.cz\/en\/wp-json\/wp\/v2\/media?parent=167"}],"curies":[{"name":"wp","href":"https:\/\/api.w.org\/{rel}","templated":true}]}}