{"id":175,"date":"2022-05-15T00:08:20","date_gmt":"2022-05-14T22:08:20","guid":{"rendered":"https:\/\/mynymy.bedesign.cz\/?page_id=175"},"modified":"2022-07-17T01:57:15","modified_gmt":"2022-07-16T23:57:15","slug":"kontakt","status":"publish","type":"page","link":"https:\/\/mynymy.bedesign.cz\/en\/kontakt\/","title":{"rendered":"kontakt"},"content":{"rendered":"<div data-elementor-type=\"wp-page\" data-elementor-id=\"175\" class=\"elementor elementor-175\" data-elementor-post-type=\"page\">\n\t\t\t\t\t\t<section class=\"elementor-section elementor-top-section elementor-element elementor-element-526f2fbb elementor-section-height-min-height elementor-section-content-middle elementor-section-boxed elementor-section-height-default elementor-section-items-middle\" data-id=\"526f2fbb\" data-element_type=\"section\" data-settings=\"{&quot;jet_parallax_layout_list&quot;:[]}\">\n\t\t\t\t\t\t<div class=\"elementor-container elementor-column-gap-no\">\n\t\t\t\t\t<div class=\"elementor-column elementor-col-100 elementor-top-column elementor-element elementor-element-75a92b28\" data-id=\"75a92b28\" data-element_type=\"column\">\n\t\t\t<div class=\"elementor-widget-wrap elementor-element-populated\">\n\t\t\t\t\t\t<div class=\"elementor-element elementor-element-053a641 elementor-widget elementor-widget-heading\" data-id=\"053a641\" data-element_type=\"widget\" data-widget_type=\"heading.default\">\n\t\t\t\t<div class=\"elementor-widget-container\">\n\t\t\t\t\t<h1 class=\"elementor-heading-title elementor-size-default\"><b> KONTAKT.<\/b><\/h1>\t\t\t\t<\/div>\n\t\t\t\t<\/div>\n\t\t\t\t<section class=\"elementor-section elementor-inner-section elementor-element elementor-element-757930b0 elementor-section-content-top elementor-section-boxed elementor-section-height-default elementor-section-height-default\" data-id=\"757930b0\" data-element_type=\"section\" data-settings=\"{&quot;jet_parallax_layout_list&quot;:[]}\">\n\t\t\t\t\t\t<div class=\"elementor-container elementor-column-gap-no\">\n\t\t\t\t\t<div class=\"elementor-column elementor-col-33 elementor-inner-column elementor-element elementor-element-79cecda\" data-id=\"79cecda\" data-element_type=\"column\">\n\t\t\t<div class=\"elementor-widget-wrap elementor-element-populated\">\n\t\t\t\t\t\t<div class=\"elementor-element elementor-element-bf54089 elementor-widget elementor-widget-text-editor\" data-id=\"bf54089\" data-element_type=\"widget\" data-widget_type=\"text-editor.default\">\n\t\t\t\t<div class=\"elementor-widget-container\">\n\t\t\t\t\t\t\t\t\t<p><span style=\"color: #000000;\"><strong>MYNYMY architects s.r.o.<\/strong><\/span><\/p><p><span style=\"color: #000000;\">Na spojce 610\/6<\/span><br \/><span style=\"color: #000000;\">101 00, Praha 10 \u2013 Vr\u0161ovice<\/span><br \/><span style=\"color: #000000;\">\u010cesk\u00e1 republika<\/span><\/p><p class=\"company-info\"><span style=\"color: #000000;\"><a style=\"color: #000000;\" title=\"Napsat e-mail MYNYMY architects\" href=\"mailto:atelier@mynymy.cz\">atelier@mynymy.cz<\/a><\/span><\/p><p class=\"company-info\"><span style=\"color: #000000;\">I\u010c: 24259870<\/span><br \/><span style=\"color: #000000;\">DI\u010c: CZ24259870<\/span><\/p>\t\t\t\t\t\t\t\t<\/div>\n\t\t\t\t<\/div>\n\t\t\t\t\t<\/div>\n\t\t<\/div>\n\t\t\t\t<div class=\"elementor-column elementor-col-33 elementor-inner-column elementor-element elementor-element-5a6b70e6\" data-id=\"5a6b70e6\" data-element_type=\"column\">\n\t\t\t<div class=\"elementor-widget-wrap elementor-element-populated\">\n\t\t\t\t\t\t<div class=\"elementor-element elementor-element-735935b0 elementor-button-align-stretch elementor-widget elementor-widget-form\" data-id=\"735935b0\" data-element_type=\"widget\" data-settings=\"{&quot;step_next_label&quot;:&quot;Next&quot;,&quot;step_previous_label&quot;:&quot;Previous&quot;,&quot;button_width&quot;:&quot;100&quot;,&quot;step_type&quot;:&quot;number_text&quot;,&quot;step_icon_shape&quot;:&quot;circle&quot;}\" data-widget_type=\"form.default\">\n\t\t\t\t<div class=\"elementor-widget-container\">\n\t\t\t\t\t\t\t<form class=\"elementor-form\" method=\"post\" name=\"Kontaktn\u00ed formul\u00e1\u0159\" action=\"\">\n\t\t\t<input type=\"hidden\" name=\"post_id\" value=\"175\"\/>\n\t\t\t<input type=\"hidden\" name=\"form_id\" value=\"735935b0\"\/>\n\t\t\t<input type=\"hidden\" name=\"referer_title\" value=\"\" \/>\n\n\t\t\t\n\t\t\t<div class=\"elementor-form-fields-wrapper elementor-labels-\">\n\t\t\t\t\t\t\t\t<div class=\"elementor-field-type-text elementor-field-group elementor-column elementor-field-group-name elementor-col-100\">\n\t\t\t\t\t\t\t\t\t\t\t\t<label for=\"form-field-name\" class=\"elementor-field-label elementor-screen-only\">\n\t\t\t\t\t\t\t\tJm\u00e9no\t\t\t\t\t\t\t<\/label>\n\t\t\t\t\t\t\t\t\t\t\t\t\t\t<input size=\"1\" type=\"text\" name=\"form_fields[name]\" id=\"form-field-name\" class=\"elementor-field elementor-size-sm  elementor-field-textual\" placeholder=\"Jm\u00e9no\">\n\t\t\t\t\t\t\t\t\t\t\t<\/div>\n\t\t\t\t\t\t\t\t<div class=\"elementor-field-type-email elementor-field-group elementor-column elementor-field-group-email elementor-col-100 elementor-field-required\">\n\t\t\t\t\t\t\t\t\t\t\t\t<label for=\"form-field-email\" class=\"elementor-field-label elementor-screen-only\">\n\t\t\t\t\t\t\t\tEmail\t\t\t\t\t\t\t<\/label>\n\t\t\t\t\t\t\t\t\t\t\t\t\t\t<input size=\"1\" type=\"email\" name=\"form_fields[email]\" id=\"form-field-email\" class=\"elementor-field elementor-size-sm  elementor-field-textual\" placeholder=\"Email\" required=\"required\">\n\t\t\t\t\t\t\t\t\t\t\t<\/div>\n\t\t\t\t\t\t\t\t<div class=\"elementor-field-type-textarea elementor-field-group elementor-column elementor-field-group-message elementor-col-100\">\n\t\t\t\t\t\t\t\t\t\t\t\t<label for=\"form-field-message\" class=\"elementor-field-label elementor-screen-only\">\n\t\t\t\t\t\t\t\tZpr\u00e1va\t\t\t\t\t\t\t<\/label>\n\t\t\t\t\t\t<textarea class=\"elementor-field-textual elementor-field  elementor-size-sm\" name=\"form_fields[message]\" id=\"form-field-message\" rows=\"2\" placeholder=\"Zpr\u00e1va\"><\/textarea>\t\t\t\t<\/div>\n\t\t\t\t\t\t\t\t<div class=\"elementor-field-group elementor-column elementor-field-type-submit elementor-col-100 e-form__buttons\">\n\t\t\t\t\t<button class=\"elementor-button elementor-size-sm\" type=\"submit\">\n\t\t\t\t\t\t<span class=\"elementor-button-content-wrapper\">\n\t\t\t\t\t\t\t\t\t\t\t\t\t\t\t\t\t\t\t\t\t\t<span class=\"elementor-button-text\">Odeslat zpr\u00e1vu<\/span>\n\t\t\t\t\t\t\t\t\t\t\t\t\t<\/span>\n\t\t\t\t\t<\/button>\n\t\t\t\t<\/div>\n\t\t\t<\/div>\n\t\t<input type=\"hidden\" name=\"trp-form-language\" value=\"en\"\/><\/form>\n\t\t\t\t\t\t<\/div>\n\t\t\t\t<\/div>\n\t\t\t\t\t<\/div>\n\t\t<\/div>\n\t\t\t\t<div class=\"elementor-column elementor-col-33 elementor-inner-column elementor-element elementor-element-acacb9c\" data-id=\"acacb9c\" data-element_type=\"column\">\n\t\t\t<div class=\"elementor-widget-wrap elementor-element-populated\">\n\t\t\t\t\t\t<div class=\"elementor-element elementor-element-a588475 elementor-widget elementor-widget-text-editor\" data-id=\"a588475\" data-element_type=\"widget\" data-widget_type=\"text-editor.default\">\n\t\t\t\t<div class=\"elementor-widget-container\">\n\t\t\t\t\t\t\t\t\t<p class=\"company-info\"><span style=\"color: #000000;\"><strong>Ing. arch. Mat\u011bj Parma<\/strong><\/span><br \/><span style=\"color: #000000;\">GSM: 00 420 605 939 088<\/span><br \/><span style=\"color: #000000;\"><a style=\"color: #000000;\" title=\"Napsat e-mail\" href=\"mailto:parma@mynymy.cz\">parma@mynymy.cz<\/a><\/span><\/p><p class=\"company-info\"><span style=\"color: #000000;\"><strong>Ing. arch. Tom\u00e1\u0161 Rajtora<\/strong><\/span><br \/><span style=\"color: #000000;\">GSM: 00 420 604 214 289<\/span><br \/><span style=\"color: #000000;\"><a style=\"color: #000000;\" title=\"Napsat e-mail\" href=\"mailto:rajtora@mynymy.cz\">rajtora@mynymy.cz<\/a><\/span><\/p><p class=\"company-info\"><span style=\"color: #000000;\"><strong>Ing. arch. Milan Bal\u016fsek<\/strong><\/span><br \/><span style=\"color: #000000;\">GSM: 00 420 733 740 821<\/span><br \/><span style=\"color: #000000;\"><a style=\"color: #000000;\" title=\"Napsat e-mail\" href=\"mailto:balusek@mynymy.cz\">balusek@mynymy.cz<\/a><\/span><\/p>\t\t\t\t\t\t\t\t<\/div>\n\t\t\t\t<\/div>\n\t\t\t\t\t<\/div>\n\t\t<\/div>\n\t\t\t\t\t<\/div>\n\t\t<\/section>\n\t\t\t\t\t<\/div>\n\t\t<\/div>\n\t\t\t\t\t<\/div>\n\t\t<\/section>\n\t\t\t\t<section class=\"elementor-section elementor-top-section elementor-element elementor-element-75c7570 elementor-section-boxed elementor-section-height-default elementor-section-height-default\" data-id=\"75c7570\" data-element_type=\"section\" data-settings=\"{&quot;jet_parallax_layout_list&quot;:[]}\">\n\t\t\t\t\t\t<div class=\"elementor-container elementor-column-gap-default\">\n\t\t\t\t\t<div class=\"elementor-column elementor-col-100 elementor-top-column elementor-element elementor-element-3837efe\" data-id=\"3837efe\" data-element_type=\"column\">\n\t\t\t<div class=\"elementor-widget-wrap elementor-element-populated\">\n\t\t\t\t\t\t<div class=\"elementor-element elementor-element-4764f21 elementor-widget elementor-widget-google_maps\" data-id=\"4764f21\" data-element_type=\"widget\" data-widget_type=\"google_maps.default\">\n\t\t\t\t<div class=\"elementor-widget-container\">\n\t\t\t\t\t\t\t<div class=\"elementor-custom-embed\">\n\t\t\t<iframe loading=\"lazy\"\n\t\t\t\t\tsrc=\"https:\/\/maps.google.com\/maps?q=Na%20spojce%20610%2F6%20101%2000%2C%20Praha%2010%20%E2%80%93%20Vr%C5%A1ovice&#038;t=m&#038;z=14&#038;output=embed&#038;iwloc=near\"\n\t\t\t\t\ttitle=\"Na spojce 610\/6 101 00, Praha 10 \u2013 Vr\u0161ovice\"\n\t\t\t\t\taria-label=\"Na spojce 610\/6 101 00, Praha 10 \u2013 Vr\u0161ovice\"\n\t\t\t><\/iframe>\n\t\t<\/div>\n\t\t\t\t\t\t<\/div>\n\t\t\t\t<\/div>\n\t\t\t\t\t<\/div>\n\t\t<\/div>\n\t\t\t\t\t<\/div>\n\t\t<\/section>\n\t\t\t\t<\/div>","protected":false},"excerpt":{"rendered":"<p>KONTAKT. MYNYMY architects s.r.o. Na spojce 610\/6101 00, Praha 10 \u2013 Vr\u0161ovice\u010cesk\u00e1 republika atelier@mynymy.cz I\u010c: 24259870DI\u010c: CZ24259870 Ing. arch. Mat\u011bj ParmaGSM: 00 420 605 939 088parma@mynymy.cz Ing. arch. Tom\u00e1\u0161 RajtoraGSM: 00 420 604 214 289rajtora@mynymy.cz Ing. arch. Milan Bal\u016fsekGSM: 00 420 733 740 821balusek@mynymy.cz<\/p>","protected":false},"author":1,"featured_media":0,"parent":0,"menu_order":0,"comment_status":"closed","ping_status":"closed","template":"","meta":{"footnotes":""},"class_list":["post-175","page","type-page","status-publish","hentry"],"_links":{"self":[{"href":"https:\/\/mynymy.bedesign.cz\/en\/wp-json\/wp\/v2\/pages\/175","targetHints":{"allow":["GET"]}}],"collection":[{"href":"https:\/\/mynymy.bedesign.cz\/en\/wp-json\/wp\/v2\/pages"}],"about":[{"href":"https:\/\/mynymy.bedesign.cz\/en\/wp-json\/wp\/v2\/types\/page"}],"author":[{"embeddable":true,"href":"https:\/\/mynymy.bedesign.cz\/en\/wp-json\/wp\/v2\/users\/1"}],"replies":[{"embeddable":true,"href":"https:\/\/mynymy.bedesign.cz\/en\/wp-json\/wp\/v2\/comments?post=175"}],"version-history":[{"count":34,"href":"https:\/\/mynymy.bedesign.cz\/en\/wp-json\/wp\/v2\/pages\/175\/revisions"}],"predecessor-version":[{"id":622,"href":"https:\/\/mynymy.bedesign.cz\/en\/wp-json\/wp\/v2\/pages\/175\/revisions\/622"}],"wp:attachment":[{"href":"https:\/\/mynymy.bedesign.cz\/en\/wp-json\/wp\/v2\/media?parent=175"}],"curies":[{"name":"wp","href":"https:\/\/api.w.org\/{rel}","templated":true}]}}